{"id":5853,"date":"2024-04-03T17:28:12","date_gmt":"2024-04-03T15:28:12","guid":{"rendered":"https:\/\/andersberater.de\/for-social-organisations\/"},"modified":"2024-04-22T13:25:52","modified_gmt":"2024-04-22T11:25:52","slug":"for-social-organisations","status":"publish","type":"page","link":"https:\/\/andersberater.de\/en\/for-social-organisations\/","title":{"rendered":"for social organisations"},"content":{"rendered":"\n<p>With their diverse services and offerings, social organisations are an important pillar of public services and social cohesion. Around 2 million people work in the social sector throughout Germany.<\/p>\n\n<p>Non-profit organisations and their employees run daycare centres, youth welfare facilities, carry out neighbourhood and district work and look after disadvantaged people.<\/p>\n\n<p>At a time characterised by sometimes dramatic changes and crises, these organisations and their employees are under immense pressure to perform and adapt, often facing unique challenges in terms of financing, personnel management and much more.<\/p>\n\n<p>With their wide-ranging expertise and holistic approach, andersberater:innen make it their mission to offer solutions that are precisely tailored to the needs and challenges of social work in order to make a positive contribution to the strengthening, development and future viability of organisations in this field.<\/p>\n\n<p>With our offers, we demonstrate our commitment to supporting and promoting organisations with social or societal goals. We help organisations in the social economy to work more effectively and successfully for a better world in the long term.<\/p>\n\n<ul class=\"wp-block-list\">\n<li>Effectiveness<\/li>\n\n\n\n<li>Sustainability<\/li>\n\n\n\n<li>with the following focal points, among others: positive leadership, development of sustainable business models, &#8230;.<\/li>\n<\/ul>\n\n<p><strong>We will be happy to explain exactly how everything works in a free consultation. Book an appointment<br\/>with Julia Miske or Tobias Rothenberger<\/strong><\/p>\n\n<div class=\"wp-block-group is-horizontal is-content-justification-left is-layout-flex wp-container-core-group-is-layout-330e958a wp-block-group-is-layout-flex\"><div class=\"coach-widget d-flex flex-column\"><a href=\"https:\/\/andersberater.de\/coaching_team\/#3861\"><img loading=\"lazy\" decoding=\"async\" width=\"300\" height=\"300\" src=\"https:\/\/andersberater.de\/wp-content\/uploads\/2022\/04\/Julia_Miske-300x300.jpg\" class=\"attachment-medium size-medium wp-post-image\" alt=\"\" srcset=\"https:\/\/andersberater.de\/wp-content\/uploads\/2022\/04\/Julia_Miske-300x300.jpg 300w, https:\/\/andersberater.de\/wp-content\/uploads\/2022\/04\/Julia_Miske-1024x1024.jpg 1024w, https:\/\/andersberater.de\/wp-content\/uploads\/2022\/04\/Julia_Miske-150x150.jpg 150w, https:\/\/andersberater.de\/wp-content\/uploads\/2022\/04\/Julia_Miske-768x768.jpg 768w, https:\/\/andersberater.de\/wp-content\/uploads\/2022\/04\/Julia_Miske.jpg 1162w\" sizes=\"auto, (max-width: 300px) 100vw, 300px\" \/><div class=\"has-medium-font-size\">Julia Miske<\/div><div class=\"has-small-font-size\">#Erstgespr\u00e4che<\/div><div class=\"has-small-font-size\"> #Gesch\u00e4ftsmodelle<\/div><\/a><\/div>\n\n\n<div class=\"coach-widget d-flex flex-column\"><a href=\"https:\/\/andersberater.de\/coaching_team\/#3833\"><img loading=\"lazy\" decoding=\"async\" width=\"300\" height=\"300\" src=\"https:\/\/andersberater.de\/wp-content\/uploads\/2022\/04\/Tobias_Rothenberger-300x300.jpg\" class=\"attachment-medium size-medium wp-post-image\" alt=\"\" srcset=\"https:\/\/andersberater.de\/wp-content\/uploads\/2022\/04\/Tobias_Rothenberger-300x300.jpg 300w, https:\/\/andersberater.de\/wp-content\/uploads\/2022\/04\/Tobias_Rothenberger-1024x1024.jpg 1024w, https:\/\/andersberater.de\/wp-content\/uploads\/2022\/04\/Tobias_Rothenberger-150x150.jpg 150w, https:\/\/andersberater.de\/wp-content\/uploads\/2022\/04\/Tobias_Rothenberger-768x768.jpg 768w, https:\/\/andersberater.de\/wp-content\/uploads\/2022\/04\/Tobias_Rothenberger-1536x1536.jpg 1536w, https:\/\/andersberater.de\/wp-content\/uploads\/2022\/04\/Tobias_Rothenberger.jpg 1986w\" sizes=\"auto, (max-width: 300px) 100vw, 300px\" \/><div class=\"has-medium-font-size\">Tobias Rothenberger<\/div><div class=\"has-small-font-size\">#Erstgespr\u00e4che<\/div><div class=\"has-small-font-size\"> #Logo und Corporate Design<\/div><\/a><\/div>\n\n\n\n<div class=\"wp-block-buttons is-layout-flex wp-block-buttons-is-layout-flex\">\n<div class=\"wp-block-button is-style-outline mb-5 is-style-outline--1\"><a class=\"wp-block-button__link wp-element-button\" href=\"https:\/\/andersberater.de\/en\/book-appointment\/\">Book appointment<\/a><\/div>\n<\/div>\n<\/div>\n\n<hr class=\"wp-block-separator has-alpha-channel-opacity\"\/>\n\n<div id=\"modules\" class=\"wp-block-group\"><div class=\"wp-block-group__inner-container is-layout-flow wp-block-group-is-layout-flow\">\n<button class=\"h2_style collapsed\" data-bs-toggle=\"collapse\" data-bs-target=\"#kita\" aria-expanded=\"false\" aria-controls=\"module\">\nCommunication for daycare centre managers (analogous for EF\u00f6B \/ JFE managers etc.)\n<\/button>\n\n\n\n<div id=\"kita\" class=\"wp-block-group collapse module\"><div class=\"wp-block-group__inner-container is-layout-flow wp-block-group-is-layout-flow\">\n<p>Managers in child daycare centres, ECEC centres or other child and youth facilities are &#8220;<em>communicatively challenged<\/em>&#8221; in many ways: Conversations with employees and teams, parents and relatives, clients and cooperation partners, authorities and donors &#8211; nothing works without communication! And if something doesn&#8217;t work out, it&#8217;s usually due to &#8220;poor&#8221; or &#8220;wrong&#8221; or &#8220;too little&#8221; communication. But what is good and correct communication? How does good communication work in difficult (work) situations? What basics need to be considered and what common communication mishaps should be avoided?<\/p>\n\n\n\n<p>Our workshop provides practical basic knowledge and offers space to try things out and reflect.<\/p>\n\n\n\n<p>Basics of communication (What is communication? verbal and non-verbal communication \/<br\/>&#8220;you can&#8217;t not communicate&#8221; etc. pp)<\/p>\n\n\n\n<ul class=\"wp-block-list\">\n<li>non-violent communication<\/li>\n\n\n\n<li>Conflict\/criticism discussions<\/li>\n\n\n\n<li>Feedback rules<\/li>\n\n\n\n<li>Role-playing games<\/li>\n\n\n\n<li>Space for exchange \/ self-reflection<\/li>\n<\/ul>\n\n\n\n<p>We have specialists for every area. We will organise your coaching topics and the respective coaches together in the first coaching session.<br\/><a href=\"https:\/\/andersberater.de\/coaching_team\">One of your potential coaches: T&gt;, founder of Stadtteilzentrum Steglitz a,&gt;<\/a><\/p>\n\n\n<div class=\"coach-widget d-flex flex-column\"><a href=\"https:\/\/andersberater.de\/coaching_team\/#3835\"><img loading=\"lazy\" decoding=\"async\" width=\"300\" height=\"300\" src=\"https:\/\/andersberater.de\/wp-content\/uploads\/2022\/04\/Thomas-Mampelquadratisch-300x300.jpg\" class=\"attachment-medium size-medium wp-post-image\" alt=\"\" srcset=\"https:\/\/andersberater.de\/wp-content\/uploads\/2022\/04\/Thomas-Mampelquadratisch-300x300.jpg 300w, https:\/\/andersberater.de\/wp-content\/uploads\/2022\/04\/Thomas-Mampelquadratisch-1024x1024.jpg 1024w, https:\/\/andersberater.de\/wp-content\/uploads\/2022\/04\/Thomas-Mampelquadratisch-150x150.jpg 150w, https:\/\/andersberater.de\/wp-content\/uploads\/2022\/04\/Thomas-Mampelquadratisch-768x768.jpg 768w, https:\/\/andersberater.de\/wp-content\/uploads\/2022\/04\/Thomas-Mampelquadratisch-1536x1536.jpg 1536w, https:\/\/andersberater.de\/wp-content\/uploads\/2022\/04\/Thomas-Mampelquadratisch.jpg 1661w\" sizes=\"auto, (max-width: 300px) 100vw, 300px\" \/><div class=\"has-medium-font-size\">Thomas Mampel<\/div><div class=\"has-small-font-size\">#Teamcoachings<\/div><div class=\"has-small-font-size\"> #Gr\u00fcndungen im Sozialbereich<\/div><\/a><\/div>\n\n\n\n<div class=\"wp-block-columns is-layout-flex wp-container-core-columns-is-layout-9d6595d7 wp-block-columns-is-layout-flex\">\n<div class=\"wp-block-column is-layout-flow wp-block-column-is-layout-flow\">\n<div class=\"wp-block-buttons is-layout-flex wp-block-buttons-is-layout-flex\">\n<div class=\"wp-block-button is-style-outline is-style-outline--2\"><a class=\"wp-block-button__link wp-element-button\" href=\"https:\/\/andersberater.de\/en\/book-appointment\/\">Book your session<\/a><\/div>\n<\/div>\n<\/div>\n\n\n\n<div class=\"wp-block-column is-layout-flow wp-block-column-is-layout-flow\"><\/div>\n<\/div>\n<\/div><\/div>\n\n\n\n<button class=\"h2_style collapsed\" data-bs-toggle=\"collapse\" data-bs-target=\"#fuehrung\" aria-expanded=\"false\" aria-controls=\"module\" data-bs-parent=\"#modules\">\nLeadership in social institutions\n<\/button>\n\n\n\n<div id=\"fuehrung\" class=\"wp-block-group collapse module\"><div class=\"wp-block-group__inner-container is-layout-flow wp-block-group-is-layout-flow\">\n<h3 class=\"wp-block-heading\">A five-day seminar on effective leadership and collaboration<\/h3>\n\n\n\n<p>This intensive five-day seminar is aimed at managers and professionals in social organisations who<br\/>want to strengthen their leadership skills and successfully manage their organisations, as well as professionals who want to<br\/>aspire to a leadership role or want to improve their existing leadership position.<\/p>\n\n\n\n<p>The focus is on the development of leadership skills that are specifically tailored to the particular challenges of<br\/>and opportunities in the social sector.<\/p>\n\n\n\n<ul class=\"wp-block-list\">\n<li>Basics of social leadership:<\/li>\n\n\n\n<li>Understanding the specific requirements and dynamics of social organisations.<\/li>\n\n\n\n<li>Reflection on the ethical and moral aspects of social leadership.<\/li>\n\n\n\n<li>Developing leadership competences:Developing leadership competences:<\/li>\n\n\n\n<li>Communication and empathy: building strong relationships with employees, clients and other stakeholders.<\/li>\n\n\n\n<li>Konfliktmanagement und Entscheidungsfindung: Strategien zur Bew\u00e4ltigung von Herausforderungen in einem Team.<\/li>\n\n\n\n<li>Motivation and employee retention: creating a positive working environment.<\/li>\n\n\n\n<li>PERMA lead approach from positive psychology<\/li>\n\n\n\n<li>4 practical applications<\/li>\n\n\n\n<li>Case studies and group exercises to apply the concepts learnt.<\/li>\n\n\n\n<li>Best practices from the practice of successful social leaders.<\/li>\n<\/ul>\n\n\n\n<p>Seminar format:<\/p>\n\n\n\n<ul class=\"wp-block-list\">\n<li>Interactive workshops, discussions and practical exercises.<\/li>\n\n\n\n<li>Exchange of experience and networking with other participants.<\/li>\n<\/ul>\n\n\n\n<p>Benefits for the participants:<\/p>\n\n\n\n<ul class=\"wp-block-list\">\n<li>In-depth knowledge of social leadership.<\/li>\n\n\n\n<li>Concrete tools and strategies for day-to-day management.<\/li>\n\n\n\n<li>Increased employee motivation and loyalty.<\/li>\n\n\n\n<li>Improved collaboration and efficiency in social organisations.<\/li>\n<\/ul>\n\n\n\n<p>This seminar offers a unique opportunity to expand leadership skills and shape social work in a sustainable way. Participants are inspired to positively impact their organisations and make a meaningful difference.<\/p>\n\n\n\n<p>Sie kennen das vielleicht vom Sport. Decathletes can be absolute top performers, but the best in their respective disciplines are always specialists. For this reason, we do not have one person who deals with all topics, but rather specialists for each area. We put together a team of top people for you, individually tailored to your needs.<br\/>Carsten Hokema k\u00f6nnte ein coach f\u00fcr dich sein. <a href=\"https:\/\/andersberater.de\/coaching_team\">&gt;&gt; Click here for the entire coaching team<\/a><\/p>\n\n\n<div class=\"coach-widget d-flex flex-column\"><a href=\"https:\/\/andersberater.de\/coaching_team\/#3805\"><img loading=\"lazy\" decoding=\"async\" width=\"300\" height=\"300\" src=\"https:\/\/andersberater.de\/wp-content\/uploads\/2022\/04\/Carseten_Hokema_crop-300x300.jpg\" class=\"attachment-medium size-medium wp-post-image\" alt=\"\" srcset=\"https:\/\/andersberater.de\/wp-content\/uploads\/2022\/04\/Carseten_Hokema_crop-300x300.jpg 300w, https:\/\/andersberater.de\/wp-content\/uploads\/2022\/04\/Carseten_Hokema_crop-1024x1024.jpg 1024w, https:\/\/andersberater.de\/wp-content\/uploads\/2022\/04\/Carseten_Hokema_crop-150x150.jpg 150w, https:\/\/andersberater.de\/wp-content\/uploads\/2022\/04\/Carseten_Hokema_crop-768x768.jpg 768w, https:\/\/andersberater.de\/wp-content\/uploads\/2022\/04\/Carseten_Hokema_crop-1536x1536.jpg 1536w, https:\/\/andersberater.de\/wp-content\/uploads\/2022\/04\/Carseten_Hokema_crop-2048x2048.jpg 2048w\" sizes=\"auto, (max-width: 300px) 100vw, 300px\" \/><div class=\"has-medium-font-size\">Carsten Hokema<\/div><div class=\"has-small-font-size\">#innovative Gesch\u00e4ftsmodelle<\/div><div class=\"has-small-font-size\"> #Strategie und (Selbst)-Organisation<\/div><\/a><\/div>\n\n\n\n<div class=\"wp-block-columns is-layout-flex wp-container-core-columns-is-layout-9d6595d7 wp-block-columns-is-layout-flex\">\n<div class=\"wp-block-column is-layout-flow wp-block-column-is-layout-flow\">\n<div class=\"wp-block-buttons is-layout-flex wp-block-buttons-is-layout-flex\">\n<div class=\"wp-block-button is-style-outline is-style-outline--3\"><a class=\"wp-block-button__link wp-element-button\" href=\"https:\/\/andersberater.de\/en\/book-appointment\/\">Book your session<\/a><\/div>\n<\/div>\n<\/div>\n\n\n\n<div class=\"wp-block-column is-layout-flow wp-block-column-is-layout-flow\"><\/div>\n<\/div>\n<\/div><\/div>\n\n\n\n<button class=\"h2_style collapsed\" data-bs-toggle=\"collapse\" data-bs-target=\"#frischer-wind\" aria-expanded=\"false\" aria-controls=\"module\">\n&#8220;A breath of fresh air&#8221; for the organisation of team meetings and parents&#8217; evenings etc.\n<\/button>\n\n\n\n<div id=\"frischer-wind\" class=\"wp-block-group collapse module\"><div class=\"wp-block-group__inner-container is-layout-flow wp-block-group-is-layout-flow\">\n<p>The organisation of team meetings, assemblies and parents&#8217; evenings has a major influence on the course and<br\/>the quality of the results. It is important to ensure that the key topics are discussed, that all perspectives and opinions are taken into account and that quiet and reserved participants (and<br\/>nicht nur die &#8220;lautesten&#8221; und dominantesten Diskussionsteilnehmer) die M\u00f6glichkeit haben, ihre Ansichten einzubringen. <br\/>At the end, good results should be documented and made traceable. How does it work?  Our workshop<br\/>introduces the basics of successful meeting organisation and offers space to try out and experiment.<\/p>\n\n\n\n<ul class=\"wp-block-list\">\n<li>Moderation rules<\/li>\n\n\n\n<li>Rollen in Gruppen \u2013 erkennen und nutzen<\/li>\n\n\n\n<li>Umgang mit Hierarchien in Meetings<\/li>\n\n\n\n<li>Moderation von St\u00f6rungen und Konflikten<\/li>\n\n\n\n<li>Meeting-Formate und Werkzeuge \/ \u201eSpiele\u201c, um gut in den Austausch zu kommen<\/li>\n\n\n\n<li>Flipchart-Gestaltung<\/li>\n\n\n\n<li>Besonderheiten in Online-Meetings<\/li>\n<\/ul>\n\n\n\n<p>Our coaches have one thing in common. Sie alle lieben es anderen Menschen zu helfen und auf Augenh\u00f6he zu coachen. Wertsch\u00e4tzung wird bei uns gro\u00df geschrieben.<br\/>Each of the coaches has specialised areas. Together with you, we will put together the right team for<br\/>your individual topics.<br\/>Julia Miske could be an option. Take a look at our entire team. <a href=\"https:\/\/andersberater.de\/coaching_team\">&gt;&gt; Coaching team<\/a><\/p>\n\n\n<div class=\"coach-widget d-flex flex-column\"><a href=\"https:\/\/andersberater.de\/coaching_team\/#3861\"><img loading=\"lazy\" decoding=\"async\" width=\"300\" height=\"300\" src=\"https:\/\/andersberater.de\/wp-content\/uploads\/2022\/04\/Julia_Miske-300x300.jpg\" class=\"attachment-medium size-medium wp-post-image\" alt=\"\" srcset=\"https:\/\/andersberater.de\/wp-content\/uploads\/2022\/04\/Julia_Miske-300x300.jpg 300w, https:\/\/andersberater.de\/wp-content\/uploads\/2022\/04\/Julia_Miske-1024x1024.jpg 1024w, https:\/\/andersberater.de\/wp-content\/uploads\/2022\/04\/Julia_Miske-150x150.jpg 150w, https:\/\/andersberater.de\/wp-content\/uploads\/2022\/04\/Julia_Miske-768x768.jpg 768w, https:\/\/andersberater.de\/wp-content\/uploads\/2022\/04\/Julia_Miske.jpg 1162w\" sizes=\"auto, (max-width: 300px) 100vw, 300px\" \/><div class=\"has-medium-font-size\">Julia Miske<\/div><div class=\"has-small-font-size\">#Kommunikations Design<\/div><div class=\"has-small-font-size\"> #Sozialwirtschaft<\/div><\/a><\/div>\n\n\n\n<div class=\"wp-block-columns is-layout-flex wp-container-core-columns-is-layout-9d6595d7 wp-block-columns-is-layout-flex\">\n<div class=\"wp-block-column is-layout-flow wp-block-column-is-layout-flow\">\n<div class=\"wp-block-buttons is-layout-flex wp-block-buttons-is-layout-flex\">\n<div class=\"wp-block-button is-style-outline is-style-outline--4\"><a class=\"wp-block-button__link wp-element-button\" href=\"https:\/\/andersberater.de\/en\/book-appointment\/\">Book your session<\/a><\/div>\n<\/div>\n<\/div>\n\n\n\n<div class=\"wp-block-column is-layout-flow wp-block-column-is-layout-flow\"><\/div>\n<\/div>\n<\/div><\/div>\n<\/div><\/div>\n","protected":false},"excerpt":{"rendered":"<p>With their diverse services and offerings, social organisations are an important pillar of public services and social cohesion. Around 2 million people work in the social sector throughout Germany. Non-profit organisations and their employees run<a href=\"https:\/\/andersberater.de\/en\/for-social-organisations\/ \"> [&#8230;] <\/a><\/p>\n","protected":false},"author":4,"featured_media":0,"parent":0,"menu_order":0,"comment_status":"closed","ping_status":"closed","template":"","meta":{"_acf_changed":false,"inline_featured_image":false,"footnotes":""},"class_list":["post-5853","page","type-page","status-publish","hentry"],"acf":[],"yoast_head":"<!-- This site is optimized with the Yoast SEO plugin v27.3 - https:\/\/yoast.com\/product\/yoast-seo-wordpress\/ -->\n<title>for social organisations - andersberater<\/title>\n<meta name=\"robots\" content=\"index, follow, max-snippet:-1, max-image-preview:large, max-video-preview:-1\" \/>\n<link rel=\"canonical\" href=\"https:\/\/andersberater.de\/en\/for-social-organisations\/\" \/>\n<meta property=\"og:locale\" content=\"en_US\" \/>\n<meta property=\"og:type\" content=\"article\" \/>\n<meta property=\"og:title\" content=\"for social organisations - andersberater\" \/>\n<meta property=\"og:description\" content=\"With their diverse services and offerings, social organisations are an important pillar of public services and social cohesion. Around 2 million people work in the social sector throughout Germany. Non-profit organisations and their employees run [...]\" \/>\n<meta property=\"og:url\" content=\"https:\/\/andersberater.de\/en\/for-social-organisations\/\" \/>\n<meta property=\"og:site_name\" content=\"andersberater\" \/>\n<meta property=\"article:modified_time\" content=\"2024-04-22T11:25:52+00:00\" \/>\n<meta name=\"twitter:card\" content=\"summary_large_image\" \/>\n<meta name=\"twitter:label1\" content=\"Est. reading time\" \/>\n\t<meta name=\"twitter:data1\" content=\"5 minutes\" \/>\n<script type=\"application\/ld+json\" class=\"yoast-schema-graph\">{\"@context\":\"https:\\\/\\\/schema.org\",\"@graph\":[{\"@type\":\"WebPage\",\"@id\":\"https:\\\/\\\/andersberater.de\\\/en\\\/for-social-organisations\\\/\",\"url\":\"https:\\\/\\\/andersberater.de\\\/en\\\/for-social-organisations\\\/\",\"name\":\"for social organisations - andersberater\",\"isPartOf\":{\"@id\":\"https:\\\/\\\/andersberater.de\\\/en\\\/#website\"},\"datePublished\":\"2024-04-03T15:28:12+00:00\",\"dateModified\":\"2024-04-22T11:25:52+00:00\",\"breadcrumb\":{\"@id\":\"https:\\\/\\\/andersberater.de\\\/en\\\/for-social-organisations\\\/#breadcrumb\"},\"inLanguage\":\"en-US\",\"potentialAction\":[{\"@type\":\"ReadAction\",\"target\":[\"https:\\\/\\\/andersberater.de\\\/en\\\/for-social-organisations\\\/\"]}]},{\"@type\":\"BreadcrumbList\",\"@id\":\"https:\\\/\\\/andersberater.de\\\/en\\\/for-social-organisations\\\/#breadcrumb\",\"itemListElement\":[{\"@type\":\"ListItem\",\"position\":1,\"name\":\"Startseite\",\"item\":\"https:\\\/\\\/andersberater.de\\\/en\\\/\"},{\"@type\":\"ListItem\",\"position\":2,\"name\":\"for social organisations\"}]},{\"@type\":\"WebSite\",\"@id\":\"https:\\\/\\\/andersberater.de\\\/en\\\/#website\",\"url\":\"https:\\\/\\\/andersberater.de\\\/en\\\/\",\"name\":\"andersberater\",\"description\":\"Werkstatt f\u00fcr Unternehmensentwicklung\",\"publisher\":{\"@id\":\"https:\\\/\\\/andersberater.de\\\/en\\\/#organization\"},\"potentialAction\":[{\"@type\":\"SearchAction\",\"target\":{\"@type\":\"EntryPoint\",\"urlTemplate\":\"https:\\\/\\\/andersberater.de\\\/en\\\/?s={search_term_string}\"},\"query-input\":{\"@type\":\"PropertyValueSpecification\",\"valueRequired\":true,\"valueName\":\"search_term_string\"}}],\"inLanguage\":\"en-US\"},{\"@type\":\"Organization\",\"@id\":\"https:\\\/\\\/andersberater.de\\\/en\\\/#organization\",\"name\":\".garage berlin\",\"url\":\"https:\\\/\\\/andersberater.de\\\/en\\\/\",\"logo\":{\"@type\":\"ImageObject\",\"inLanguage\":\"en-US\",\"@id\":\"https:\\\/\\\/andersberater.de\\\/en\\\/#\\\/schema\\\/logo\\\/image\\\/\",\"url\":\"https:\\\/\\\/andersberater.de\\\/wp-content\\\/uploads\\\/2020\\\/04\\\/cropped-garage-berlin-e1629629397936.png\",\"contentUrl\":\"https:\\\/\\\/andersberater.de\\\/wp-content\\\/uploads\\\/2020\\\/04\\\/cropped-garage-berlin-e1629629397936.png\",\"width\":100,\"height\":38,\"caption\":\".garage berlin\"},\"image\":{\"@id\":\"https:\\\/\\\/andersberater.de\\\/en\\\/#\\\/schema\\\/logo\\\/image\\\/\"}}]}<\/script>\n<!-- \/ Yoast SEO plugin. -->","yoast_head_json":{"title":"for social organisations - andersberater","robots":{"index":"index","follow":"follow","max-snippet":"max-snippet:-1","max-image-preview":"max-image-preview:large","max-video-preview":"max-video-preview:-1"},"canonical":"https:\/\/andersberater.de\/en\/for-social-organisations\/","og_locale":"en_US","og_type":"article","og_title":"for social organisations - andersberater","og_description":"With their diverse services and offerings, social organisations are an important pillar of public services and social cohesion. Around 2 million people work in the social sector throughout Germany. Non-profit organisations and their employees run [...]","og_url":"https:\/\/andersberater.de\/en\/for-social-organisations\/","og_site_name":"andersberater","article_modified_time":"2024-04-22T11:25:52+00:00","twitter_card":"summary_large_image","twitter_misc":{"Est. reading time":"5 minutes"},"schema":{"@context":"https:\/\/schema.org","@graph":[{"@type":"WebPage","@id":"https:\/\/andersberater.de\/en\/for-social-organisations\/","url":"https:\/\/andersberater.de\/en\/for-social-organisations\/","name":"for social organisations - andersberater","isPartOf":{"@id":"https:\/\/andersberater.de\/en\/#website"},"datePublished":"2024-04-03T15:28:12+00:00","dateModified":"2024-04-22T11:25:52+00:00","breadcrumb":{"@id":"https:\/\/andersberater.de\/en\/for-social-organisations\/#breadcrumb"},"inLanguage":"en-US","potentialAction":[{"@type":"ReadAction","target":["https:\/\/andersberater.de\/en\/for-social-organisations\/"]}]},{"@type":"BreadcrumbList","@id":"https:\/\/andersberater.de\/en\/for-social-organisations\/#breadcrumb","itemListElement":[{"@type":"ListItem","position":1,"name":"Startseite","item":"https:\/\/andersberater.de\/en\/"},{"@type":"ListItem","position":2,"name":"for social organisations"}]},{"@type":"WebSite","@id":"https:\/\/andersberater.de\/en\/#website","url":"https:\/\/andersberater.de\/en\/","name":"andersberater","description":"Werkstatt f\u00fcr Unternehmensentwicklung","publisher":{"@id":"https:\/\/andersberater.de\/en\/#organization"},"potentialAction":[{"@type":"SearchAction","target":{"@type":"EntryPoint","urlTemplate":"https:\/\/andersberater.de\/en\/?s={search_term_string}"},"query-input":{"@type":"PropertyValueSpecification","valueRequired":true,"valueName":"search_term_string"}}],"inLanguage":"en-US"},{"@type":"Organization","@id":"https:\/\/andersberater.de\/en\/#organization","name":".garage berlin","url":"https:\/\/andersberater.de\/en\/","logo":{"@type":"ImageObject","inLanguage":"en-US","@id":"https:\/\/andersberater.de\/en\/#\/schema\/logo\/image\/","url":"https:\/\/andersberater.de\/wp-content\/uploads\/2020\/04\/cropped-garage-berlin-e1629629397936.png","contentUrl":"https:\/\/andersberater.de\/wp-content\/uploads\/2020\/04\/cropped-garage-berlin-e1629629397936.png","width":100,"height":38,"caption":".garage berlin"},"image":{"@id":"https:\/\/andersberater.de\/en\/#\/schema\/logo\/image\/"}}]}},"_links":{"self":[{"href":"https:\/\/andersberater.de\/en\/wp-json\/wp\/v2\/pages\/5853","targetHints":{"allow":["GET"]}}],"collection":[{"href":"https:\/\/andersberater.de\/en\/wp-json\/wp\/v2\/pages"}],"about":[{"href":"https:\/\/andersberater.de\/en\/wp-json\/wp\/v2\/types\/page"}],"author":[{"embeddable":true,"href":"https:\/\/andersberater.de\/en\/wp-json\/wp\/v2\/users\/4"}],"replies":[{"embeddable":true,"href":"https:\/\/andersberater.de\/en\/wp-json\/wp\/v2\/comments?post=5853"}],"version-history":[{"count":7,"href":"https:\/\/andersberater.de\/en\/wp-json\/wp\/v2\/pages\/5853\/revisions"}],"predecessor-version":[{"id":5860,"href":"https:\/\/andersberater.de\/en\/wp-json\/wp\/v2\/pages\/5853\/revisions\/5860"}],"wp:attachment":[{"href":"https:\/\/andersberater.de\/en\/wp-json\/wp\/v2\/media?parent=5853"}],"curies":[{"name":"wp","href":"https:\/\/api.w.org\/{rel}","templated":true}]}}