{"id":5290,"date":"2021-06-01T11:35:40","date_gmt":"2021-06-01T09:35:40","guid":{"rendered":"https:\/\/andersberater.de\/off-on-a-heros-journey\/"},"modified":"2024-07-09T13:10:07","modified_gmt":"2024-07-09T11:10:07","slug":"off-on-a-heros-journey","status":"publish","type":"page","link":"https:\/\/andersberater.de\/en\/","title":{"rendered":"Off on a hero&#8217;s journey!"},"content":{"rendered":"\n<div class=\"wp-block-cover alignfull has-parallax\"><span aria-hidden=\"true\" class=\"wp-block-cover__background has-background-dim\"><\/span><div class=\"wp-block-cover__image-background wp-image-5163 has-parallax\" style=\"background-position:50% 50%;background-image:url(https:\/\/andersberater.de\/wp-content\/uploads\/2023\/07\/Buddha_Regenwald.jpeg)\"><\/div><div class=\"wp-block-cover__inner-container is-layout-flow wp-block-cover-is-layout-flow\">\n<p class=\"has-text-align-center has-x-large-font-size\">&#8220;Nothing is as constant as change.&#8221; (Heraclit)<\/p>\n<\/div><\/div>\n\n<hr class=\"wp-block-separator has-alpha-channel-opacity\"\/>\n\n<hr class=\"wp-block-separator has-alpha-channel-opacity\"\/>\n<div class=\"wp-block-image\">\n<figure class=\"aligncenter size-large is-resized\"><img loading=\"lazy\" decoding=\"async\" width=\"100\" height=\"100\" src=\"https:\/\/andersberater.de\/wp-content\/uploads\/2023\/07\/andersberater_logo.svg\" alt=\"\" class=\"wp-image-5191\" style=\"width:500px;height:undefinedpx\"\/><\/figure>\n<\/div>\n<hr class=\"wp-block-separator has-alpha-channel-opacity\"\/>\n\n<p>&#8220;Since 2006, we have been coaching people who want to start their own business or change their career and realise their potential, both <strong>online<\/strong> and at our offices in <strong>Berlin<\/strong>. We look forward to working with you and to new collaborations. #Change #Development #Future #Meaning&#8221;<\/p>\n\n<hr class=\"wp-block-separator has-alpha-channel-opacity\"\/>\n\n<h1 class=\"wp-block-heading\">Off on a hero&#8217;s journey!<\/h1>\n\n<h2 class=\"wp-block-heading has-text-align-center\" style=\"font-size:18px;font-style:normal;font-weight:300\"><mark style=\"background-color:rgba(0, 0, 0, 0);color:#808080\" class=\"has-inline-color\">We help people<br\/>start meaningful businesses.<\/mark><\/h2>\n\n<div class=\"wp-block-cover alignfull is-light has-parallax\"><span aria-hidden=\"true\" class=\"wp-block-cover__background has-background-dim-0 has-background-dim\"><\/span><div class=\"wp-block-cover__image-background wp-image-127 has-parallax\" style=\"background-position:50% 50%;background-image:url(https:\/\/andersberater.de\/wp-content\/uploads\/2021\/06\/home.jpg)\"><\/div><div class=\"wp-block-cover__inner-container is-layout-flow wp-block-cover-is-layout-flow\">\n<p class=\"has-text-align-center has-large-font-size\"><\/p>\n<\/div><\/div>\n\n<div style=\"height:48px\" aria-hidden=\"true\" class=\"wp-block-spacer\"><\/div>\n\n<h2 class=\"wp-block-heading\" id=\"grundercoaching\"><a href=\"https:\/\/andersberater.de\/en\/founder-coaching\/\">Start your business with start-up coaching.<\/a><\/h2>\n\n<p><strong>Individual, one-to-one, also online<\/strong><\/p>\n\n<p>Andersberater:innen is the perfect institution for starting a business in Berlin. We offer a wide range of services to help you get your business off the ground: from finding a good business idea to developing a business model, learning effective strategies and creating a business plan. Our goal is to support you on your journey to startup and success.<\/p>\n\n<p>Because we are a certified company and co-operate with all employment agencies and job centers in Berlin and Brandenburg, the costs for your coaching can be fully covered by an <a href=\"\" target=\"\" rel=\"noopener\">AVGS<\/a> (Arbeits- und Vermittlungsgutschein). <\/p>\n\n<p><a href=\"https:\/\/andersberater.de\/en\/founder-coaching\/\"><mark style=\"background-color:rgba(0, 0, 0, 0);color:#0071a1\" class=\"has-inline-color\">For more information &gt;<\/mark><\/a><\/p>\n\n<div class=\"wp-block-buttons is-layout-flex wp-block-buttons-is-layout-flex\">\n<div class=\"wp-block-button is-style-outline is-style-outline--1\"><a class=\"wp-block-button__link wp-element-button\" href=\"https:\/\/andersberater.de\/en\/book-appointment\/\">Book appointment<\/a><\/div>\n<\/div>\n\n<div style=\"height:96px\" aria-hidden=\"true\" class=\"wp-block-spacer\"><\/div>\n\n<div class=\"wp-block-cover alignfull is-light has-parallax\"><span aria-hidden=\"true\" class=\"wp-block-cover__background has-background-dim-10 has-background-dim\"><\/span><div class=\"wp-block-cover__image-background wp-image-187 has-parallax\" style=\"background-position:50% 50%;background-image:url(https:\/\/andersberater.de\/wp-content\/uploads\/2021\/06\/fit-fuer-den-job.jpg)\"><\/div><div class=\"wp-block-cover__inner-container is-layout-flow wp-block-cover-is-layout-flow\">\n<p class=\"has-text-align-center has-large-font-size\"><\/p>\n<\/div><\/div>\n\n<div style=\"height:48px\" aria-hidden=\"true\" class=\"wp-block-spacer\"><\/div>\n\n<h2 class=\"wp-block-heading\" id=\"karriereplanung\"><a href=\"https:\/\/andersberater.de\/en\/career-coaching\/\">Career Coaching<\/a><\/h2>\n\n<p><strong>holistic, one-to-one, meaningful<\/strong>, also <strong>online<\/strong><\/p>\n\n<p>The ANDERSBERATER:INNEN offer you various modules of individual coaching in which you define and advance your personal and professional goals. Together we will develop a strengths profile that will help you to present and act with confidence in job application situations. With the help of proven coaching strategies, our coaches activate, expand and consolidate your personal core competencies for a clear positioning on the study or job market.  <\/p>\n\n<p><a href=\"https:\/\/andersberater.de\/en\/career-coaching\/\"><mark style=\"background-color:rgba(0, 0, 0, 0);color:#0071a1\" class=\"has-inline-color\"><\/mark><mark style=\"background-color:rgba(0, 0, 0, 0);color:#0071a1\" class=\"has-inline-color\">For more information &gt;<\/mark><\/a><\/p>\n\n<div class=\"wp-block-buttons is-layout-flex wp-block-buttons-is-layout-flex\">\n<div class=\"wp-block-button is-style-outline is-style-outline--2\"><a class=\"wp-block-button__link wp-element-button\" href=\"https:\/\/andersberater.de\/en\/book-appointment\/\">Book appointment<\/a><\/div>\n<\/div>\n\n<div style=\"height:96px\" aria-hidden=\"true\" class=\"wp-block-spacer\"><\/div>\n\n<p><\/p>\n\n<div class=\"wp-block-cover alignfull is-light has-parallax\"><span aria-hidden=\"true\" class=\"wp-block-cover__background has-background-dim-10 has-background-dim\"><\/span><div class=\"wp-block-cover__image-background wp-image-166 has-parallax\" style=\"background-position:50% 50%;background-image:url(https:\/\/andersberater.de\/wp-content\/uploads\/2021\/06\/Beratung.jpg)\"><\/div><div class=\"wp-block-cover__inner-container is-layout-flow wp-block-cover-is-layout-flow\">\n<p class=\"has-text-align-center has-large-font-size\"><\/p>\n<\/div><\/div>\n\n<div style=\"height:48px\" aria-hidden=\"true\" class=\"wp-block-spacer\"><\/div>\n\n<h2 class=\"wp-block-heading\" id=\"unternehmensentwicklung\"><a href=\"https:\/\/andersberater.de\/en\/team-coaching\/\">Team coaching<\/a><\/h2>\n\n<p><strong>Holistic, future-oriented, meaningful<\/strong><\/p>\n\n<p>Are you looking for a way to improve your team&#8217;s performance and build a stronger, more cohesive unit? Then you&#8217;ve come to the right place at ANDERSBERATER:INNEN. We offer customized coaching and development programs designed to help your team reach its full potential.  <\/p>\n\n<p>Our team of experienced coaches will work with you to identify areas of improvement and help you implement processes and strategies to achieve set goals. We also offer team-building exercises and activities that will further strengthen the bond between team members. <\/p>\n\n<p class=\"has-blue-color has-text-color\"><a href=\"https:\/\/andersberater.de\/en\/team-coaching\/\"><mark style=\"background-color:rgba(0, 0, 0, 0);color:#0071a1\" class=\"has-inline-color\">For more information &gt;<\/mark><\/a><\/p>\n\n<div style=\"height:96px\" aria-hidden=\"true\" class=\"wp-block-spacer\"><\/div>\n\n<div class=\"wp-block-cover alignfull is-light has-parallax\"><span aria-hidden=\"true\" class=\"wp-block-cover__background has-background-dim-10 has-background-dim\"><\/span><div class=\"wp-block-cover__image-background wp-image-175 has-parallax\" style=\"background-position:50% 50%;background-image:url(https:\/\/andersberater.de\/wp-content\/uploads\/2021\/06\/Unternehmensberatung.jpg)\"><\/div><div class=\"wp-block-cover__inner-container is-layout-flow wp-block-cover-is-layout-flow\">\n<p class=\"has-text-align-center has-large-font-size\"><\/p>\n<\/div><\/div>\n\n<div style=\"height:96px\" aria-hidden=\"true\" class=\"wp-block-spacer\"><\/div>\n","protected":false},"excerpt":{"rendered":"<p>&#8220;Since 2006, we have been coaching people who want to start their own business or change their career and realise their potential, both online and at our offices in Berlin. We look forward to working<a href=\"https:\/\/andersberater.de\/en\/ \"> [&#8230;] <\/a><\/p>\n","protected":false},"author":1,"featured_media":0,"parent":0,"menu_order":0,"comment_status":"closed","ping_status":"closed","template":"page-templates\/fullwidthpage.php","meta":{"_acf_changed":false,"inline_featured_image":false,"footnotes":""},"class_list":["post-5290","page","type-page","status-publish","hentry"],"acf":[],"yoast_head":"<!-- This site is optimized with the Yoast SEO plugin v27.3 - https:\/\/yoast.com\/product\/yoast-seo-wordpress\/ -->\n<title>andersberater - Existenzgr\u00fcndung leicht gemacht.<\/title>\n<meta name=\"description\" content=\"Wir unterst\u00fctzen Menschen bei der Existenzgr\u00fcndung von sinnstiftende Unternehmen. Kontaktiere uns noch heute f\u00fcr ein erstes Gespr\u00e4ch.\" \/>\n<meta name=\"robots\" content=\"index, follow, max-snippet:-1, max-image-preview:large, max-video-preview:-1\" \/>\n<link rel=\"canonical\" href=\"https:\/\/andersberater.de\/en\/\" \/>\n<meta property=\"og:locale\" content=\"en_US\" \/>\n<meta property=\"og:type\" content=\"article\" \/>\n<meta property=\"og:title\" content=\"andersberater - Existenzgr\u00fcndung leicht gemacht.\" \/>\n<meta property=\"og:description\" content=\"Wir unterst\u00fctzen Menschen bei der Existenzgr\u00fcndung von sinnstiftende Unternehmen. Kontaktiere uns noch heute f\u00fcr ein erstes Gespr\u00e4ch.\" \/>\n<meta property=\"og:url\" content=\"https:\/\/andersberater.de\/en\/\" \/>\n<meta property=\"og:site_name\" content=\"andersberater\" \/>\n<meta property=\"article:modified_time\" content=\"2024-07-09T11:10:07+00:00\" \/>\n<meta property=\"og:image\" content=\"https:\/\/andersberater.de\/wp-content\/uploads\/2023\/07\/andersberater_logo.svg\" \/>\n<meta name=\"twitter:card\" content=\"summary_large_image\" \/>\n<meta name=\"twitter:label1\" content=\"Est. reading time\" \/>\n\t<meta name=\"twitter:data1\" content=\"2 minutes\" \/>\n<script type=\"application\/ld+json\" class=\"yoast-schema-graph\">{\"@context\":\"https:\\\/\\\/schema.org\",\"@graph\":[{\"@type\":\"WebPage\",\"@id\":\"https:\\\/\\\/andersberater.de\\\/en\\\/\",\"url\":\"https:\\\/\\\/andersberater.de\\\/en\\\/\",\"name\":\"andersberater - Existenzgr\u00fcndung leicht gemacht.\",\"isPartOf\":{\"@id\":\"https:\\\/\\\/andersberater.de\\\/en\\\/#website\"},\"primaryImageOfPage\":{\"@id\":\"https:\\\/\\\/andersberater.de\\\/en\\\/#primaryimage\"},\"image\":{\"@id\":\"https:\\\/\\\/andersberater.de\\\/en\\\/#primaryimage\"},\"thumbnailUrl\":\"https:\\\/\\\/andersberater.de\\\/wp-content\\\/uploads\\\/2023\\\/07\\\/andersberater_logo.svg\",\"datePublished\":\"2021-06-01T09:35:40+00:00\",\"dateModified\":\"2024-07-09T11:10:07+00:00\",\"description\":\"Wir unterst\u00fctzen Menschen bei der Existenzgr\u00fcndung von sinnstiftende Unternehmen. Kontaktiere uns noch heute f\u00fcr ein erstes Gespr\u00e4ch.\",\"breadcrumb\":{\"@id\":\"https:\\\/\\\/andersberater.de\\\/en\\\/#breadcrumb\"},\"inLanguage\":\"en-US\",\"potentialAction\":[{\"@type\":\"ReadAction\",\"target\":[\"https:\\\/\\\/andersberater.de\\\/en\\\/\"]}]},{\"@type\":\"ImageObject\",\"inLanguage\":\"en-US\",\"@id\":\"https:\\\/\\\/andersberater.de\\\/en\\\/#primaryimage\",\"url\":\"https:\\\/\\\/andersberater.de\\\/wp-content\\\/uploads\\\/2023\\\/07\\\/andersberater_logo.svg\",\"contentUrl\":\"https:\\\/\\\/andersberater.de\\\/wp-content\\\/uploads\\\/2023\\\/07\\\/andersberater_logo.svg\"},{\"@type\":\"BreadcrumbList\",\"@id\":\"https:\\\/\\\/andersberater.de\\\/en\\\/#breadcrumb\",\"itemListElement\":[{\"@type\":\"ListItem\",\"position\":1,\"name\":\"Startseite\",\"item\":\"https:\\\/\\\/andersberater.de\\\/en\\\/\"},{\"@type\":\"ListItem\",\"position\":2,\"name\":\"Off on a hero&#8217;s journey!\"}]},{\"@type\":\"WebSite\",\"@id\":\"https:\\\/\\\/andersberater.de\\\/en\\\/#website\",\"url\":\"https:\\\/\\\/andersberater.de\\\/en\\\/\",\"name\":\"andersberater\",\"description\":\"Werkstatt f\u00fcr Unternehmensentwicklung\",\"publisher\":{\"@id\":\"https:\\\/\\\/andersberater.de\\\/en\\\/#organization\"},\"potentialAction\":[{\"@type\":\"SearchAction\",\"target\":{\"@type\":\"EntryPoint\",\"urlTemplate\":\"https:\\\/\\\/andersberater.de\\\/en\\\/?s={search_term_string}\"},\"query-input\":{\"@type\":\"PropertyValueSpecification\",\"valueRequired\":true,\"valueName\":\"search_term_string\"}}],\"inLanguage\":\"en-US\"},{\"@type\":\"Organization\",\"@id\":\"https:\\\/\\\/andersberater.de\\\/en\\\/#organization\",\"name\":\".garage berlin\",\"url\":\"https:\\\/\\\/andersberater.de\\\/en\\\/\",\"logo\":{\"@type\":\"ImageObject\",\"inLanguage\":\"en-US\",\"@id\":\"https:\\\/\\\/andersberater.de\\\/en\\\/#\\\/schema\\\/logo\\\/image\\\/\",\"url\":\"https:\\\/\\\/andersberater.de\\\/wp-content\\\/uploads\\\/2020\\\/04\\\/cropped-garage-berlin-e1629629397936.png\",\"contentUrl\":\"https:\\\/\\\/andersberater.de\\\/wp-content\\\/uploads\\\/2020\\\/04\\\/cropped-garage-berlin-e1629629397936.png\",\"width\":100,\"height\":38,\"caption\":\".garage berlin\"},\"image\":{\"@id\":\"https:\\\/\\\/andersberater.de\\\/en\\\/#\\\/schema\\\/logo\\\/image\\\/\"}}]}<\/script>\n<!-- \/ Yoast SEO plugin. -->","yoast_head_json":{"title":"andersberater - Existenzgr\u00fcndung leicht gemacht.","description":"Wir unterst\u00fctzen Menschen bei der Existenzgr\u00fcndung von sinnstiftende Unternehmen. Kontaktiere uns noch heute f\u00fcr ein erstes Gespr\u00e4ch.","robots":{"index":"index","follow":"follow","max-snippet":"max-snippet:-1","max-image-preview":"max-image-preview:large","max-video-preview":"max-video-preview:-1"},"canonical":"https:\/\/andersberater.de\/en\/","og_locale":"en_US","og_type":"article","og_title":"andersberater - Existenzgr\u00fcndung leicht gemacht.","og_description":"Wir unterst\u00fctzen Menschen bei der Existenzgr\u00fcndung von sinnstiftende Unternehmen. Kontaktiere uns noch heute f\u00fcr ein erstes Gespr\u00e4ch.","og_url":"https:\/\/andersberater.de\/en\/","og_site_name":"andersberater","article_modified_time":"2024-07-09T11:10:07+00:00","og_image":[{"url":"https:\/\/andersberater.de\/wp-content\/uploads\/2023\/07\/andersberater_logo.svg","type":"","width":"","height":""}],"twitter_card":"summary_large_image","twitter_misc":{"Est. reading time":"2 minutes"},"schema":{"@context":"https:\/\/schema.org","@graph":[{"@type":"WebPage","@id":"https:\/\/andersberater.de\/en\/","url":"https:\/\/andersberater.de\/en\/","name":"andersberater - Existenzgr\u00fcndung leicht gemacht.","isPartOf":{"@id":"https:\/\/andersberater.de\/en\/#website"},"primaryImageOfPage":{"@id":"https:\/\/andersberater.de\/en\/#primaryimage"},"image":{"@id":"https:\/\/andersberater.de\/en\/#primaryimage"},"thumbnailUrl":"https:\/\/andersberater.de\/wp-content\/uploads\/2023\/07\/andersberater_logo.svg","datePublished":"2021-06-01T09:35:40+00:00","dateModified":"2024-07-09T11:10:07+00:00","description":"Wir unterst\u00fctzen Menschen bei der Existenzgr\u00fcndung von sinnstiftende Unternehmen. Kontaktiere uns noch heute f\u00fcr ein erstes Gespr\u00e4ch.","breadcrumb":{"@id":"https:\/\/andersberater.de\/en\/#breadcrumb"},"inLanguage":"en-US","potentialAction":[{"@type":"ReadAction","target":["https:\/\/andersberater.de\/en\/"]}]},{"@type":"ImageObject","inLanguage":"en-US","@id":"https:\/\/andersberater.de\/en\/#primaryimage","url":"https:\/\/andersberater.de\/wp-content\/uploads\/2023\/07\/andersberater_logo.svg","contentUrl":"https:\/\/andersberater.de\/wp-content\/uploads\/2023\/07\/andersberater_logo.svg"},{"@type":"BreadcrumbList","@id":"https:\/\/andersberater.de\/en\/#breadcrumb","itemListElement":[{"@type":"ListItem","position":1,"name":"Startseite","item":"https:\/\/andersberater.de\/en\/"},{"@type":"ListItem","position":2,"name":"Off on a hero&#8217;s journey!"}]},{"@type":"WebSite","@id":"https:\/\/andersberater.de\/en\/#website","url":"https:\/\/andersberater.de\/en\/","name":"andersberater","description":"Werkstatt f\u00fcr Unternehmensentwicklung","publisher":{"@id":"https:\/\/andersberater.de\/en\/#organization"},"potentialAction":[{"@type":"SearchAction","target":{"@type":"EntryPoint","urlTemplate":"https:\/\/andersberater.de\/en\/?s={search_term_string}"},"query-input":{"@type":"PropertyValueSpecification","valueRequired":true,"valueName":"search_term_string"}}],"inLanguage":"en-US"},{"@type":"Organization","@id":"https:\/\/andersberater.de\/en\/#organization","name":".garage berlin","url":"https:\/\/andersberater.de\/en\/","logo":{"@type":"ImageObject","inLanguage":"en-US","@id":"https:\/\/andersberater.de\/en\/#\/schema\/logo\/image\/","url":"https:\/\/andersberater.de\/wp-content\/uploads\/2020\/04\/cropped-garage-berlin-e1629629397936.png","contentUrl":"https:\/\/andersberater.de\/wp-content\/uploads\/2020\/04\/cropped-garage-berlin-e1629629397936.png","width":100,"height":38,"caption":".garage berlin"},"image":{"@id":"https:\/\/andersberater.de\/en\/#\/schema\/logo\/image\/"}}]}},"_links":{"self":[{"href":"https:\/\/andersberater.de\/en\/wp-json\/wp\/v2\/pages\/5290","targetHints":{"allow":["GET"]}}],"collection":[{"href":"https:\/\/andersberater.de\/en\/wp-json\/wp\/v2\/pages"}],"about":[{"href":"https:\/\/andersberater.de\/en\/wp-json\/wp\/v2\/types\/page"}],"author":[{"embeddable":true,"href":"https:\/\/andersberater.de\/en\/wp-json\/wp\/v2\/users\/1"}],"replies":[{"embeddable":true,"href":"https:\/\/andersberater.de\/en\/wp-json\/wp\/v2\/comments?post=5290"}],"version-history":[{"count":11,"href":"https:\/\/andersberater.de\/en\/wp-json\/wp\/v2\/pages\/5290\/revisions"}],"predecessor-version":[{"id":6318,"href":"https:\/\/andersberater.de\/en\/wp-json\/wp\/v2\/pages\/5290\/revisions\/6318"}],"wp:attachment":[{"href":"https:\/\/andersberater.de\/en\/wp-json\/wp\/v2\/media?parent=5290"}],"curies":[{"name":"wp","href":"https:\/\/api.w.org\/{rel}","templated":true}]}}