{"id":4404,"date":"2022-04-28T18:11:56","date_gmt":"2022-04-28T16:11:56","guid":{"rendered":"https:\/\/garageberlin.de\/team-coaching\/"},"modified":"2024-04-22T15:19:27","modified_gmt":"2024-04-22T13:19:27","slug":"team-coaching","status":"publish","type":"page","link":"https:\/\/andersberater.de\/en\/team-coaching\/","title":{"rendered":"Team coaching"},"content":{"rendered":"\n<div class=\"wp-block-cover alignfull is-light has-parallax\"><span aria-hidden=\"true\" class=\"wp-block-cover__background has-background-dim\"><\/span><div role=\"img\" class=\"wp-block-cover__image-background wp-image-2871 has-parallax\" style=\"background-position:50% 50%;background-image:url(https:\/\/andersberater.de\/wp-content\/uploads\/2020\/10\/Beratung.jpg)\"><\/div><div class=\"wp-block-cover__inner-container is-layout-flow wp-block-cover-is-layout-flow\">\n<p class=\"has-text-align-center has-large-font-size\"><\/p>\n<\/div><\/div>\n\n<hr class=\"wp-block-separator has-css-opacity\"\/>\n\n<h2 class=\"wp-block-heading\">Team coaching<\/h2>\n\n<p>The best firms often owe their success to good teamwork. The time of the lone fighter seems to be over. Whether you are an individual entrepreneur with a lively network or part of an organization \u2013 a good team composition increases team spirit, the potentiality of a company, and contributes positively to the success of a project.<\/p>\n\n<p>Digital working environments, tools, and communication instruments facilitate collaboration &#8211; they are important, but not the reason for team success. So what makes a good and successful team? How do analog and digital processes interact and how are they supported by a good team stucture? What must a team be composed of in order to work well together? Welche St\u00e4rkeprofile, welche Rollen, welche What strength profiles, what roles, what communication and experiences are needed to advance common objectives? And how does an objective become a common one requiring teamwork? And how does an objective become a common one requiring teamwork?<\/p>\n\n<p>All teams ask themselves these questions during their collaboration. And there are (of course) no universal answers, no clear remedies. The answer to these questions must be worked out by each team themselves. Every team is different, has a different composition, and consists of different characters and personalities. Teams of founders function differently than teams in public authority. Framework conditions (size, hierarchies, goals, customer and market requirements) often define the scope for team development.<\/p>\n\n<hr class=\"wp-block-separator has-css-opacity\"\/>\n\n<button class=\"h2_style collapsed\" data-bs-toggle=\"collapse\" data-bs-target=\"#teamcoaching\" aria-expanded=\"false\" aria-controls=\"module\">\nTeam coaching\n<\/button>\n\n<div id=\"teamcoaching\" class=\"wp-block-group collapse module\"><div class=\"wp-block-group__inner-container is-layout-flow wp-block-group-is-layout-flow\"><div class=\"wp-block-image\">\n<figure class=\"alignright size-large is-resized\"><img loading=\"lazy\" decoding=\"async\" src=\"https:\/\/andersberater.de\/wp-content\/uploads\/2021\/12\/modul_1.svg\" alt=\"Team coaching\" class=\"wp-image-3382\" width=\"300\" height=\"300\"\/><\/figure>\n<\/div>\n\n\n<p>In our team coaching from ANDERSBERATER_INNEN <strong><em>teamcoaching<\/em><\/strong>, we work with you on the development processes that are important to you and support your team building and development through, among other things<\/p>\n\n\n\n<ul class=\"wp-block-list\">\n<li>Workshops zur Entwicklung von Vision, Mission und eines wertebasierten Leitbilds Eures Teams und\/oder Eurer Organisation \/ Unternehmung;<\/li>\n\n\n\n<li>Vermittlung von Grundlagen der Teamarbeit, der Funktionen und Dysfunktionen in Teams;<\/li>\n\n\n\n<li>Erarbeitung von St\u00e4rken- und Kompetenzprofilen in Teams;<\/li>\n\n\n\n<li>Sichtbarmachung formeller und informeller Rollen und diese f\u00fcr die Arbeit im Team nutzen;<\/li>\n\n\n\n<li>F\u00fchrungskr\u00e4fteentwicklung;<\/li>\n\n\n\n<li>Erarbeitung von Interventionsstrategien in Konfliktsituationen;<\/li>\n\n\n\n<li>Begleitung von Kulturwandelprozessen in Teams und Organisationen.<\/li>\n<\/ul>\n\n\n\n<p>Dadurch helfen wir Euch, Euer Unternehmen bzw. Eure Organisation auf ein neues Level der (Zusammen-) Arbeit zu heben.<\/p>\n\n\n\n<p>Unsere Teamcoaches sind ausgebildete (und z.T. zertifizierte*) Teamentwickler*innen und -begleiter (TeamworksPlus\u00ae), kommen aus der Praxis und verf\u00fcgen \u00fcber langj\u00e4hrige Erfahrung in der Arbeit mit und in Teams.<\/p>\n\n\n\n<p>Die Teamcoachings sind (abh\u00e4ngig von Gr\u00f6\u00dfe des Teams und der Zielstellung des Coachings) als Halb- oder Ganztagsveranstaltungen konzipiert.<\/p>\n\n\n\n<p>*zertifizierte Abschlusspr\u00fcfung an der Universit\u00e4t L\u00fcneburg<\/p>\n\n\n\n<p><strong>F\u00fcr wen ist dieses Angebot interessant?<\/strong><\/p>\n\n\n\n<p>ANDERSBERATER_INNEN <strong><em>team coaching is suitable for <\/em><\/strong><\/p>\n\n\n\n<ul class=\"wp-block-list\">\n<li>Teams mit einer Gr\u00f6\u00dfe von 3 \u2013 20 Teammitgliedern<\/li>\n\n\n\n<li>in Projekten, Organisationen und Unternehmungen, die sich grade gr\u00fcnden, einen wichtigen Entwicklungs- \/ Wachstumsschritt oder einen Kulturwandelprozess gestalten wollen;<\/li>\n\n\n\n<li>f\u00fcr bestehende Teams in Konflikt- und Krisensituationen;<\/li>\n\n\n\n<li>f\u00fcr Teams, die sich neu zusammenfinden und strukturieren m\u00fcssen.<\/li>\n<\/ul>\n\n\n\n<p>Wir beraten und coachen am liebsten sinnstiftende und gemeinn\u00fctzige \/ gemeinwohlorientierte Initiativen, Organisationen und Unternehmen, stehen aber auch klassischen Unternehmen zur Verf\u00fcgung, die sich ethisch und moralisch korrekt am Markt bewegen und ihren Mitarbeitenden, Lieferant*innen und Kund*innen entsprechend fair und respektvoll begegnen.<\/p>\n<\/div><\/div>\n\n<div class=\"wp-block-buttons is-layout-flex wp-block-buttons-is-layout-flex\">\n<div class=\"wp-block-button is-style-outline is-style-outline--1\"><a class=\"wp-block-button__link wp-element-button\" href=\"https:\/\/andersberater.de\/en\/book-appointment\/\" target=\"_blank\" rel=\"noreferrer noopener\">Book appointment<\/a><\/div>\n<\/div>\n\n<p><\/p>\n","protected":false},"excerpt":{"rendered":"<p>Team coaching The best firms often owe their success to good teamwork. The time of the lone fighter seems to be over. Whether you are an individual entrepreneur with a lively network or part of<a href=\"https:\/\/andersberater.de\/en\/team-coaching\/ \"> [&#8230;] <\/a><\/p>\n","protected":false},"author":4,"featured_media":0,"parent":0,"menu_order":0,"comment_status":"closed","ping_status":"closed","template":"","meta":{"_acf_changed":false,"inline_featured_image":false,"footnotes":""},"class_list":["post-4404","page","type-page","status-publish","hentry"],"acf":[],"yoast_head":"<!-- This site is optimized with the Yoast SEO plugin v27.4 - https:\/\/yoast.com\/product\/yoast-seo-wordpress\/ -->\n<title>andersberater - Teamcoaching f\u00fcr eine bessere Zusammenarbeit.<\/title>\n<meta name=\"description\" content=\"Wir bei .garage Berlin helfen Unternehmen beim Teamcoaching, bei Teamkonflikte oder bei der Teammoderation. Buche noch heute einen Termin.\" \/>\n<meta name=\"robots\" content=\"index, follow, max-snippet:-1, max-image-preview:large, max-video-preview:-1\" \/>\n<link rel=\"canonical\" href=\"https:\/\/andersberater.de\/en\/team-coaching\/\" \/>\n<meta property=\"og:locale\" content=\"en_US\" \/>\n<meta property=\"og:type\" content=\"article\" \/>\n<meta property=\"og:title\" content=\"andersberater - Teamcoaching f\u00fcr eine bessere Zusammenarbeit.\" \/>\n<meta property=\"og:description\" content=\"Wir bei .garage Berlin helfen Unternehmen beim Teamcoaching, bei Teamkonflikte oder bei der Teammoderation. Buche noch heute einen Termin.\" \/>\n<meta property=\"og:url\" content=\"https:\/\/andersberater.de\/en\/team-coaching\/\" \/>\n<meta property=\"og:site_name\" content=\"andersberater\" \/>\n<meta property=\"article:modified_time\" content=\"2024-04-22T13:19:27+00:00\" \/>\n<meta property=\"og:image\" content=\"https:\/\/andersberater.de\/wp-content\/uploads\/2021\/12\/modul_1.svg\" \/>\n<meta name=\"twitter:card\" content=\"summary_large_image\" \/>\n<meta name=\"twitter:label1\" content=\"Est. reading time\" \/>\n\t<meta name=\"twitter:data1\" content=\"3 minutes\" \/>\n<script type=\"application\/ld+json\" class=\"yoast-schema-graph\">{\"@context\":\"https:\\\/\\\/schema.org\",\"@graph\":[{\"@type\":\"WebPage\",\"@id\":\"https:\\\/\\\/andersberater.de\\\/en\\\/team-coaching\\\/\",\"url\":\"https:\\\/\\\/andersberater.de\\\/en\\\/team-coaching\\\/\",\"name\":\"andersberater - Teamcoaching f\u00fcr eine bessere Zusammenarbeit.\",\"isPartOf\":{\"@id\":\"https:\\\/\\\/andersberater.de\\\/en\\\/#website\"},\"primaryImageOfPage\":{\"@id\":\"https:\\\/\\\/andersberater.de\\\/en\\\/team-coaching\\\/#primaryimage\"},\"image\":{\"@id\":\"https:\\\/\\\/andersberater.de\\\/en\\\/team-coaching\\\/#primaryimage\"},\"thumbnailUrl\":\"https:\\\/\\\/andersberater.de\\\/wp-content\\\/uploads\\\/2021\\\/12\\\/modul_1.svg\",\"datePublished\":\"2022-04-28T16:11:56+00:00\",\"dateModified\":\"2024-04-22T13:19:27+00:00\",\"description\":\"Wir bei .garage Berlin helfen Unternehmen beim Teamcoaching, bei Teamkonflikte oder bei der Teammoderation. Buche noch heute einen Termin.\",\"breadcrumb\":{\"@id\":\"https:\\\/\\\/andersberater.de\\\/en\\\/team-coaching\\\/#breadcrumb\"},\"inLanguage\":\"en-US\",\"potentialAction\":[{\"@type\":\"ReadAction\",\"target\":[\"https:\\\/\\\/andersberater.de\\\/en\\\/team-coaching\\\/\"]}]},{\"@type\":\"ImageObject\",\"inLanguage\":\"en-US\",\"@id\":\"https:\\\/\\\/andersberater.de\\\/en\\\/team-coaching\\\/#primaryimage\",\"url\":\"https:\\\/\\\/andersberater.de\\\/wp-content\\\/uploads\\\/2021\\\/12\\\/modul_1.svg\",\"contentUrl\":\"https:\\\/\\\/andersberater.de\\\/wp-content\\\/uploads\\\/2021\\\/12\\\/modul_1.svg\"},{\"@type\":\"BreadcrumbList\",\"@id\":\"https:\\\/\\\/andersberater.de\\\/en\\\/team-coaching\\\/#breadcrumb\",\"itemListElement\":[{\"@type\":\"ListItem\",\"position\":1,\"name\":\"Startseite\",\"item\":\"https:\\\/\\\/andersberater.de\\\/en\\\/\"},{\"@type\":\"ListItem\",\"position\":2,\"name\":\"Team coaching\"}]},{\"@type\":\"WebSite\",\"@id\":\"https:\\\/\\\/andersberater.de\\\/en\\\/#website\",\"url\":\"https:\\\/\\\/andersberater.de\\\/en\\\/\",\"name\":\"andersberater\",\"description\":\"Werkstatt f\u00fcr Unternehmensentwicklung\",\"publisher\":{\"@id\":\"https:\\\/\\\/andersberater.de\\\/en\\\/#organization\"},\"potentialAction\":[{\"@type\":\"SearchAction\",\"target\":{\"@type\":\"EntryPoint\",\"urlTemplate\":\"https:\\\/\\\/andersberater.de\\\/en\\\/?s={search_term_string}\"},\"query-input\":{\"@type\":\"PropertyValueSpecification\",\"valueRequired\":true,\"valueName\":\"search_term_string\"}}],\"inLanguage\":\"en-US\"},{\"@type\":\"Organization\",\"@id\":\"https:\\\/\\\/andersberater.de\\\/en\\\/#organization\",\"name\":\".garage berlin\",\"url\":\"https:\\\/\\\/andersberater.de\\\/en\\\/\",\"logo\":{\"@type\":\"ImageObject\",\"inLanguage\":\"en-US\",\"@id\":\"https:\\\/\\\/andersberater.de\\\/en\\\/#\\\/schema\\\/logo\\\/image\\\/\",\"url\":\"https:\\\/\\\/andersberater.de\\\/wp-content\\\/uploads\\\/2020\\\/04\\\/cropped-garage-berlin-e1629629397936.png\",\"contentUrl\":\"https:\\\/\\\/andersberater.de\\\/wp-content\\\/uploads\\\/2020\\\/04\\\/cropped-garage-berlin-e1629629397936.png\",\"width\":100,\"height\":38,\"caption\":\".garage berlin\"},\"image\":{\"@id\":\"https:\\\/\\\/andersberater.de\\\/en\\\/#\\\/schema\\\/logo\\\/image\\\/\"}}]}<\/script>\n<!-- \/ Yoast SEO plugin. -->","yoast_head_json":{"title":"andersberater - Teamcoaching f\u00fcr eine bessere Zusammenarbeit.","description":"Wir bei .garage Berlin helfen Unternehmen beim Teamcoaching, bei Teamkonflikte oder bei der Teammoderation. Buche noch heute einen Termin.","robots":{"index":"index","follow":"follow","max-snippet":"max-snippet:-1","max-image-preview":"max-image-preview:large","max-video-preview":"max-video-preview:-1"},"canonical":"https:\/\/andersberater.de\/en\/team-coaching\/","og_locale":"en_US","og_type":"article","og_title":"andersberater - Teamcoaching f\u00fcr eine bessere Zusammenarbeit.","og_description":"Wir bei .garage Berlin helfen Unternehmen beim Teamcoaching, bei Teamkonflikte oder bei der Teammoderation. Buche noch heute einen Termin.","og_url":"https:\/\/andersberater.de\/en\/team-coaching\/","og_site_name":"andersberater","article_modified_time":"2024-04-22T13:19:27+00:00","og_image":[{"url":"https:\/\/andersberater.de\/wp-content\/uploads\/2021\/12\/modul_1.svg","type":"","width":"","height":""}],"twitter_card":"summary_large_image","twitter_misc":{"Est. reading time":"3 minutes"},"schema":{"@context":"https:\/\/schema.org","@graph":[{"@type":"WebPage","@id":"https:\/\/andersberater.de\/en\/team-coaching\/","url":"https:\/\/andersberater.de\/en\/team-coaching\/","name":"andersberater - Teamcoaching f\u00fcr eine bessere Zusammenarbeit.","isPartOf":{"@id":"https:\/\/andersberater.de\/en\/#website"},"primaryImageOfPage":{"@id":"https:\/\/andersberater.de\/en\/team-coaching\/#primaryimage"},"image":{"@id":"https:\/\/andersberater.de\/en\/team-coaching\/#primaryimage"},"thumbnailUrl":"https:\/\/andersberater.de\/wp-content\/uploads\/2021\/12\/modul_1.svg","datePublished":"2022-04-28T16:11:56+00:00","dateModified":"2024-04-22T13:19:27+00:00","description":"Wir bei .garage Berlin helfen Unternehmen beim Teamcoaching, bei Teamkonflikte oder bei der Teammoderation. Buche noch heute einen Termin.","breadcrumb":{"@id":"https:\/\/andersberater.de\/en\/team-coaching\/#breadcrumb"},"inLanguage":"en-US","potentialAction":[{"@type":"ReadAction","target":["https:\/\/andersberater.de\/en\/team-coaching\/"]}]},{"@type":"ImageObject","inLanguage":"en-US","@id":"https:\/\/andersberater.de\/en\/team-coaching\/#primaryimage","url":"https:\/\/andersberater.de\/wp-content\/uploads\/2021\/12\/modul_1.svg","contentUrl":"https:\/\/andersberater.de\/wp-content\/uploads\/2021\/12\/modul_1.svg"},{"@type":"BreadcrumbList","@id":"https:\/\/andersberater.de\/en\/team-coaching\/#breadcrumb","itemListElement":[{"@type":"ListItem","position":1,"name":"Startseite","item":"https:\/\/andersberater.de\/en\/"},{"@type":"ListItem","position":2,"name":"Team coaching"}]},{"@type":"WebSite","@id":"https:\/\/andersberater.de\/en\/#website","url":"https:\/\/andersberater.de\/en\/","name":"andersberater","description":"Werkstatt f\u00fcr Unternehmensentwicklung","publisher":{"@id":"https:\/\/andersberater.de\/en\/#organization"},"potentialAction":[{"@type":"SearchAction","target":{"@type":"EntryPoint","urlTemplate":"https:\/\/andersberater.de\/en\/?s={search_term_string}"},"query-input":{"@type":"PropertyValueSpecification","valueRequired":true,"valueName":"search_term_string"}}],"inLanguage":"en-US"},{"@type":"Organization","@id":"https:\/\/andersberater.de\/en\/#organization","name":".garage berlin","url":"https:\/\/andersberater.de\/en\/","logo":{"@type":"ImageObject","inLanguage":"en-US","@id":"https:\/\/andersberater.de\/en\/#\/schema\/logo\/image\/","url":"https:\/\/andersberater.de\/wp-content\/uploads\/2020\/04\/cropped-garage-berlin-e1629629397936.png","contentUrl":"https:\/\/andersberater.de\/wp-content\/uploads\/2020\/04\/cropped-garage-berlin-e1629629397936.png","width":100,"height":38,"caption":".garage berlin"},"image":{"@id":"https:\/\/andersberater.de\/en\/#\/schema\/logo\/image\/"}}]}},"_links":{"self":[{"href":"https:\/\/andersberater.de\/en\/wp-json\/wp\/v2\/pages\/4404","targetHints":{"allow":["GET"]}}],"collection":[{"href":"https:\/\/andersberater.de\/en\/wp-json\/wp\/v2\/pages"}],"about":[{"href":"https:\/\/andersberater.de\/en\/wp-json\/wp\/v2\/types\/page"}],"author":[{"embeddable":true,"href":"https:\/\/andersberater.de\/en\/wp-json\/wp\/v2\/users\/4"}],"replies":[{"embeddable":true,"href":"https:\/\/andersberater.de\/en\/wp-json\/wp\/v2\/comments?post=4404"}],"version-history":[{"count":5,"href":"https:\/\/andersberater.de\/en\/wp-json\/wp\/v2\/pages\/4404\/revisions"}],"predecessor-version":[{"id":5877,"href":"https:\/\/andersberater.de\/en\/wp-json\/wp\/v2\/pages\/4404\/revisions\/5877"}],"wp:attachment":[{"href":"https:\/\/andersberater.de\/en\/wp-json\/wp\/v2\/media?parent=4404"}],"curies":[{"name":"wp","href":"https:\/\/api.w.org\/{rel}","templated":true}]}}